{"id":93,"date":"2019-11-03T22:35:22","date_gmt":"2019-11-03T21:35:22","guid":{"rendered":"http:\/\/carbonneutral2035.hamburg\/?page_id=93"},"modified":"2019-11-03T22:37:12","modified_gmt":"2019-11-03T21:37:12","slug":"co2-monitoring-in-echtzeit","status":"publish","type":"page","link":"https:\/\/carbonneutral2035.hamburg\/?page_id=93","title":{"rendered":"CO2-Monitoring in Echtzeit"},"content":{"rendered":"\n<p>in Arbeit &#8230; Bereitstellung von Daten &amp; Modellen, Monitoring &amp; Reporting der CO2-Reduktionen in Echtzeit (ggf. durch Modelle)<\/p>\n\n\n\n<p>Stand heute werden die CO2-Bilanzen Hamburgs mit einer Verz\u00f6gerung von 2 1\/2 Jahren ver\u00f6ffentlicht &#8211; zuletzt im August 2019 f\u00fcr 2016. Das ist f\u00fcr eine politische Steuerung nicht schnell genug.<\/p>\n","protected":false},"excerpt":{"rendered":"<p>in Arbeit &#8230; Bereitstellung von Daten &amp; Modellen, Monitoring &amp; Reporting der CO2-Reduktionen in Echtzeit (ggf. durch Modelle) Stand heute werden die CO2-Bilanzen Hamburgs mit einer Verz\u00f6gerung von 2 1\/2 Jahren ver\u00f6ffentlicht &#8211; zuletzt im August 2019 f\u00fcr 2016. Das ist f\u00fcr eine politische Steuerung nicht schnell genug.<\/p>\n","protected":false},"author":1,"featured_media":0,"parent":0,"menu_order":0,"comment_status":"closed","ping_status":"closed","template":"","meta":{"footnotes":""},"class_list":["post-93","page","type-page","status-publish","hentry"],"jetpack_sharing_enabled":true,"_links":{"self":[{"href":"https:\/\/carbonneutral2035.hamburg\/index.php?rest_route=\/wp\/v2\/pages\/93","targetHints":{"allow":["GET"]}}],"collection":[{"href":"https:\/\/carbonneutral2035.hamburg\/index.php?rest_route=\/wp\/v2\/pages"}],"about":[{"href":"https:\/\/carbonneutral2035.hamburg\/index.php?rest_route=\/wp\/v2\/types\/page"}],"author":[{"embeddable":true,"href":"https:\/\/carbonneutral2035.hamburg\/index.php?rest_route=\/wp\/v2\/users\/1"}],"replies":[{"embeddable":true,"href":"https:\/\/carbonneutral2035.hamburg\/index.php?rest_route=%2Fwp%2Fv2%2Fcomments&post=93"}],"version-history":[{"count":2,"href":"https:\/\/carbonneutral2035.hamburg\/index.php?rest_route=\/wp\/v2\/pages\/93\/revisions"}],"predecessor-version":[{"id":96,"href":"https:\/\/carbonneutral2035.hamburg\/index.php?rest_route=\/wp\/v2\/pages\/93\/revisions\/96"}],"wp:attachment":[{"href":"https:\/\/carbonneutral2035.hamburg\/index.php?rest_route=%2Fwp%2Fv2%2Fmedia&parent=93"}],"curies":[{"name":"wp","href":"https:\/\/api.w.org\/{rel}","templated":true}]}}