{"id":90,"date":"2019-11-03T22:32:29","date_gmt":"2019-11-03T21:32:29","guid":{"rendered":"http:\/\/carbonneutral2035.hamburg\/?page_id=90"},"modified":"2019-11-03T22:32:29","modified_gmt":"2019-11-03T21:32:29","slug":"innovative-verwaltung","status":"publish","type":"page","link":"https:\/\/carbonneutral2035.hamburg\/?page_id=90","title":{"rendered":"Innovative Verwaltung"},"content":{"rendered":"\n<p>Work in Progress: Chancen f\u00fcr den Klimaschutz \u00fcber die beh\u00f6rden\u00fcbergreifende Zusammenarbeit hinaus &#8230;<\/p>\n\n\n\n<h2 class=\"wp-block-heading\">Kontinuierliche Masterplanung<\/h2>\n\n\n\n<p>Auf Planung basierendes Verwaltunghandeln schafft Verl\u00e4sslichkeit und Rechtssicherheit. Verwaltungspraxis und Masterplanung sind &#8211; richtig gesteuert &#8211; wichtige Ressourcen f\u00fcr die Umsetzung einer Klimastrategie.<\/p>\n\n\n\n<p>Am Beispiel der kontinuierlichen Masterplanung in Lahti zeigt sich, dass sich bew\u00e4hrtes Verwaltungshandeln im Einzelnen und klassische Masterpl\u00e4ne erfolgreich f\u00fcr die strategische Stadtenticklung neuen Stils (dynamisch, zyklisch, partizipativ) nutzen lassen. Innovativ ist hier der regelm\u00e4\u00dfige Perspektivenwechsel &#8211; und die gegenseitige Korrektur &#8211; zwischen inkrementeller Detailplanung und der strategischen Rahmensetzung. <\/p>\n\n\n\n<p>Referenz:<\/p>\n\n\n\n<p>M\u00e4ntysalo, R., Tuomisaari, J., Granqvist, K., &amp; Kanninen, V. (2019). The Strategic Incrementalism of Lahti Master Planning: Three Lessons. Planning Theory &amp; Practice, 20(4), 555-572.<\/p>\n\n\n\n<p style=\"text-align:right\" class=\"has-small-font-size\"><em>V01 &#8211; 03.11.2019<\/em><\/p>\n","protected":false},"excerpt":{"rendered":"<p>Work in Progress: Chancen f\u00fcr den Klimaschutz \u00fcber die beh\u00f6rden\u00fcbergreifende Zusammenarbeit hinaus &#8230; Kontinuierliche Masterplanung Auf Planung basierendes Verwaltunghandeln schafft Verl\u00e4sslichkeit und Rechtssicherheit. Verwaltungspraxis und Masterplanung sind &#8211; richtig gesteuert &#8211; wichtige Ressourcen f\u00fcr die Umsetzung einer Klimastrategie. Am Beispiel der kontinuierlichen Masterplanung in Lahti zeigt sich, dass sich bew\u00e4hrtes Verwaltungshandeln im Einzelnen und klassische &hellip; <\/p>\n<p class=\"link-more\"><a href=\"https:\/\/carbonneutral2035.hamburg\/?page_id=90\" class=\"more-link\"><span class=\"screen-reader-text\">\u201eInnovative Verwaltung\u201c <\/span>weiterlesen<\/a><\/p>\n","protected":false},"author":1,"featured_media":0,"parent":0,"menu_order":0,"comment_status":"closed","ping_status":"closed","template":"","meta":{"footnotes":""},"class_list":["post-90","page","type-page","status-publish","hentry"],"jetpack_sharing_enabled":true,"_links":{"self":[{"href":"https:\/\/carbonneutral2035.hamburg\/index.php?rest_route=\/wp\/v2\/pages\/90","targetHints":{"allow":["GET"]}}],"collection":[{"href":"https:\/\/carbonneutral2035.hamburg\/index.php?rest_route=\/wp\/v2\/pages"}],"about":[{"href":"https:\/\/carbonneutral2035.hamburg\/index.php?rest_route=\/wp\/v2\/types\/page"}],"author":[{"embeddable":true,"href":"https:\/\/carbonneutral2035.hamburg\/index.php?rest_route=\/wp\/v2\/users\/1"}],"replies":[{"embeddable":true,"href":"https:\/\/carbonneutral2035.hamburg\/index.php?rest_route=%2Fwp%2Fv2%2Fcomments&post=90"}],"version-history":[{"count":1,"href":"https:\/\/carbonneutral2035.hamburg\/index.php?rest_route=\/wp\/v2\/pages\/90\/revisions"}],"predecessor-version":[{"id":92,"href":"https:\/\/carbonneutral2035.hamburg\/index.php?rest_route=\/wp\/v2\/pages\/90\/revisions\/92"}],"wp:attachment":[{"href":"https:\/\/carbonneutral2035.hamburg\/index.php?rest_route=%2Fwp%2Fv2%2Fmedia&parent=90"}],"curies":[{"name":"wp","href":"https:\/\/api.w.org\/{rel}","templated":true}]}}