{"id":85,"date":"2019-11-03T22:26:32","date_gmt":"2019-11-03T21:26:32","guid":{"rendered":"http:\/\/carbonneutral2035.hamburg\/?page_id=85"},"modified":"2019-11-03T22:27:16","modified_gmt":"2019-11-03T21:27:16","slug":"co-design-und-kollaboration","status":"publish","type":"page","link":"https:\/\/carbonneutral2035.hamburg\/?page_id=85","title":{"rendered":"Co-Design und Kollaboration"},"content":{"rendered":"\n<p>Es gibt gelungene Beispiele f\u00fcr Co-Design und Kollaboration. Zum Beispiel in Hamburg: &#8222;FindingPlaces&#8220; f\u00fcr die Standortsuche von Fl\u00fcchtlingsunterk\u00fcnfte (2016) in Zusammenarbeit von Stadtentwicklung, Hafen City University und ZAF. FindingPlaces demonstrierte, wie demokratische Beteiligungsprozesse auf neue, deliberative und kollaborative Weise gestaltet werden k\u00f6nnen (Tobias Holtz, CityScienceLab, Hafen City University). <\/p>\n\n\n\n<p>In Helsinki wurde mittels digitaler Karten ein Beteiligungsprozess zur Stadtverdichtung unterst\u00fctzt, der eine me\u00dfbare Verbesserung der Planungen in Hinblick auf Verdichtungs- und Erholungsgebiete im Sinne der beteiligten B\u00fcrger*innen nach sich zog. <\/p>\n\n\n\n<p>Auf Bundesebene l\u00e4uft gerade das Modellprojekt &#8222;B\u00fcrgerrat Demokratie&#8220;, in der 160 per Losverfahren ausw\u00e4hlte B\u00fcrger*innen Empfehlungen f\u00fcr die Politik zur St\u00e4rkung der Demokratie entwickeln.<\/p>\n\n\n\n<p>In der Umsetzung einer fr\u00fch in Planungsprozesses verankerten Kollaboration und einem Co-Design unter Nutzung der ortsspezifischen Expertise der B\u00fcrger*innen steckt ein gro\u00dfes Potential f\u00fcr die Klimaschutzpolitik in Hamburg. Eine gesetzlich Verankerung von Co-Design-Prozessen k\u00f6nnte ihnen eine  h\u00f6here Verbindlichkeit verleihen (Beispiel Schweiz, Referenzen?).<\/p>\n\n\n\n<p>Co-Design und Kollaboration sind erfolgversprechende Prinzipien f\u00fcr die Zusammenarbeit von Stakeholdern wie Beh\u00f6rden, Bezirken und Verb\u00e4nden; auch hier k\u00f6nnen digitale Werkzeuge f\u00fcr Visualisierung und Simulation des Stadtraumes ein Umfeld f\u00fcr die gemeinsame strategische, gro\u00dffl\u00e4chige und langfristige Planung bieten. Entsprechende Projekte laufen aktuell in Hamburg.<\/p>\n\n\n\n<p>Last but not least k\u00f6nnte ein per Losverfahren ausgew\u00e4hltes, professionell und unabh\u00e4ngig begleitetes Klimaparlament \u00fcber grunds\u00e4tzliche Fragen wie zum Beispiel die akzeptablen Politikpfade f\u00fcr die Entwicklung einer CO2-neutralen Mobilit\u00e4t in der Metropolregion Hamburg entscheiden.<\/p>\n\n\n\n<p>Mobilit\u00e4t als Handlungsfeld k\u00f6nnte \u00fcber Co-Design-Prozesse aus der Technik-Fixierung befreit werden und ein Verst\u00e4ndnis f\u00fcr die tats\u00e4chlichen Mobilit\u00e4ts-Bed\u00fcrfnisse der B\u00fcrger*innen in der Metropolregion entwickeln.<\/p>\n\n\n\n<p>Referenzen:<\/p>\n\n\n\n<ul class=\"wp-block-list\"><li>CityScienceLab, HCU, Hamburg<\/li><li>B\u00fcrgerrat: https:\/\/www.buergerrat.de<\/li><li>Staffans, A., Kahila-Tani, M., Geertman, S., Sillanp\u00e4\u00e4, P., &amp; Horelli, L. Towards communication-oriented and process-sensitive planning support. Unpublished &#8211; Confidential.<\/li><li>Kahila, M. Broberg, A. Kytt\u00e4, M. &amp; Tyger, T. (2016) Let the citizens map &#8211; Public participation GIS as a planning support system in Helsinki 2050 master planning process. Planning practice and research, 31, 2, p. 195-214.<\/li><\/ul>\n\n\n\n<p style=\"text-align:right\" class=\"has-small-font-size\"><em>V01 &#8211; 03.11.2019<\/em><\/p>\n","protected":false},"excerpt":{"rendered":"<p>Es gibt gelungene Beispiele f\u00fcr Co-Design und Kollaboration. Zum Beispiel in Hamburg: &#8222;FindingPlaces&#8220; f\u00fcr die Standortsuche von Fl\u00fcchtlingsunterk\u00fcnfte (2016) in Zusammenarbeit von Stadtentwicklung, Hafen City University und ZAF. FindingPlaces demonstrierte, wie demokratische Beteiligungsprozesse auf neue, deliberative und kollaborative Weise gestaltet werden k\u00f6nnen (Tobias Holtz, CityScienceLab, Hafen City University). In Helsinki wurde mittels digitaler Karten ein &hellip; <\/p>\n<p class=\"link-more\"><a href=\"https:\/\/carbonneutral2035.hamburg\/?page_id=85\" class=\"more-link\"><span class=\"screen-reader-text\">\u201eCo-Design und Kollaboration\u201c <\/span>weiterlesen<\/a><\/p>\n","protected":false},"author":1,"featured_media":0,"parent":0,"menu_order":0,"comment_status":"closed","ping_status":"closed","template":"","meta":{"footnotes":""},"class_list":["post-85","page","type-page","status-publish","hentry"],"jetpack_sharing_enabled":true,"_links":{"self":[{"href":"https:\/\/carbonneutral2035.hamburg\/index.php?rest_route=\/wp\/v2\/pages\/85","targetHints":{"allow":["GET"]}}],"collection":[{"href":"https:\/\/carbonneutral2035.hamburg\/index.php?rest_route=\/wp\/v2\/pages"}],"about":[{"href":"https:\/\/carbonneutral2035.hamburg\/index.php?rest_route=\/wp\/v2\/types\/page"}],"author":[{"embeddable":true,"href":"https:\/\/carbonneutral2035.hamburg\/index.php?rest_route=\/wp\/v2\/users\/1"}],"replies":[{"embeddable":true,"href":"https:\/\/carbonneutral2035.hamburg\/index.php?rest_route=%2Fwp%2Fv2%2Fcomments&post=85"}],"version-history":[{"count":2,"href":"https:\/\/carbonneutral2035.hamburg\/index.php?rest_route=\/wp\/v2\/pages\/85\/revisions"}],"predecessor-version":[{"id":88,"href":"https:\/\/carbonneutral2035.hamburg\/index.php?rest_route=\/wp\/v2\/pages\/85\/revisions\/88"}],"wp:attachment":[{"href":"https:\/\/carbonneutral2035.hamburg\/index.php?rest_route=%2Fwp%2Fv2%2Fmedia&parent=85"}],"curies":[{"name":"wp","href":"https:\/\/api.w.org\/{rel}","templated":true}]}}