{"id":58,"date":"2019-11-03T21:18:58","date_gmt":"2019-11-03T20:18:58","guid":{"rendered":"http:\/\/carbonneutral2035.hamburg\/?page_id=58"},"modified":"2020-02-23T16:50:31","modified_gmt":"2020-02-23T15:50:31","slug":"mission-oriented-innovation","status":"publish","type":"page","link":"https:\/\/carbonneutral2035.hamburg\/?page_id=58","title":{"rendered":"Klima-Innovationsprogramm"},"content":{"rendered":"\n<p>Das Hamburger Klima-Innovationsprogramm setzt das von Mariana Mazzucato und anderen entwickelte <a href=\"https:\/\/carbonneutral2035.hamburg\/?page_id=17\">Konzept einer &#8222;Mission&#8220;<\/a> in konkrete Hamburger Politik um und erweitert es.<\/p>\n\n\n\n<p>Eine &#8222;Mission&#8220; ist ein sektor\u00fcbergreifendes Innovations- und Investitionsprogramm in Zusammenarbeit von Staat, Wirtschaft, Gesellschaft und Wissenschaft. Eine staatlich getriebene &#8222;Mission&#8220; schafft Anreize f\u00fcr neue, zus\u00e4tzliche Investitionen, die ohne sie nicht erfolgt w\u00e4ren. Sie zielt  praktisch und systemisch auf die L\u00f6sung einer der gro\u00dfen gesellschaftlichen Herausforderungen.<\/p>\n\n\n\n<p>Das Konzept der Mission-Orientierung ist ein wesentliches Element der aktuellen EU Innovationspolitik, die britische Regierung hat in ihrer Wirtschaftspolitik einige Missions auf den Weg gebracht, f\u00fcr die Greater Manchester Region ist eine Mission &#8222;Carbon neutral living within the Greater Manchester economy by 2038&#8220; in Erarbeitung.<\/p>\n\n\n\n<figure class=\"wp-block-image\"><img loading=\"lazy\" decoding=\"async\" width=\"927\" height=\"1024\" src=\"http:\/\/carbonneutral2035.hamburg\/wp-content\/uploads\/2019\/11\/MissionRdmpGrtrMnchster-927x1024.jpg\" alt=\"\" class=\"wp-image-59\" srcset=\"https:\/\/carbonneutral2035.hamburg\/wp-content\/uploads\/2019\/11\/MissionRdmpGrtrMnchster-927x1024.jpg 927w, https:\/\/carbonneutral2035.hamburg\/wp-content\/uploads\/2019\/11\/MissionRdmpGrtrMnchster-271x300.jpg 271w, https:\/\/carbonneutral2035.hamburg\/wp-content\/uploads\/2019\/11\/MissionRdmpGrtrMnchster-768x849.jpg 768w, https:\/\/carbonneutral2035.hamburg\/wp-content\/uploads\/2019\/11\/MissionRdmpGrtrMnchster.jpg 1503w\" sizes=\"auto, (max-width: 767px) 89vw, (max-width: 1000px) 54vw, (max-width: 1071px) 543px, 580px\" \/><\/figure>\n\n\n\n<p class=\"has-small-font-size\"><em>Grafik: Mazzucato, M., McPherson, M., &amp; Hill, D. (2019). Greater Manchester Independent Prosperity Review, A mission-oriented approach to clean growth.<\/em><\/p>\n\n\n\n<p>Mazzucato nennt folgende <a href=\"https:\/\/carbonneutral2035.hamburg\/?page_id=30\">erfolgskritische Elemente f\u00fcr die Umsetzung von Missions<\/a>: <\/p>\n\n\n\n<ul class=\"wp-block-list\"><li>systematische Einbindung der B\u00fcrger*innen bei Design, Entwicklung, Umsetzung und Evaluierung <\/li><li>Bef\u00e4higung des \u00f6ffentlichen Sektors und Schaffung der n\u00f6tigen Instrumente f\u00fcr ein dynamisches Innovations-\u00d6kosystem, experimentelles Vorgehen, Regieren au\u00dferhalb der klassischen Verwaltungssilos<\/li><li>Mission-orientierte Finanzierungsmodelle, die Hebelwirkung entfalten, weitere private Finanzmittel mobilisieren, und Innovationen akteurs- und sektor\u00fcbergreifend &#8211; und \u00fcber Hamburg hinaus &#8211; zum Durchbruch verhelfen<\/li><\/ul>\n\n\n\n<p>Erfolgreiche Bausteine vor unserer Haust\u00fcr: die bundesdeutsche Energiewende, NEW4.0 und der Nachfolger, das Norddeutsche Reallabor<\/p>\n\n\n\n<p>Wir brauchen mehr Reallabore in der Metropolregion: Reallabor Mobilit\u00e4t, Reallabor W\u00e4rmewende etc. und ihre B\u00fcndelung als Mission: &#8222;Klimaneutral leben und arbeiten in Hamburg 2035&#8220;<\/p>\n\n\n\n<p>Referenzen:<\/p>\n\n\n\n<ul class=\"wp-block-list\"><li>Mazzucato, M., McPherson, M., &amp; Hill, D. (2019). Greater Manchester Independent Prosperity Review, A mission-oriented approach to clean growth.<\/li><li>Mazzucato, M. (2018). MISSIONS Mission-Oriented Research &amp; Innovation in the European Union A problem-solving approach to fuel innovation-led growth.<\/li><li>Mazzucato, M. (2019). GOVERNING MISSIONS. Governing Missions in the European Union.<\/li><\/ul>\n\n\n\n<p class=\"has-text-align-right has-small-font-size\"><em>V01 &#8211; 03.11.2019<\/em><\/p>\n","protected":false},"excerpt":{"rendered":"<p>Das Hamburger Klima-Innovationsprogramm setzt das von Mariana Mazzucato und anderen entwickelte Konzept einer &#8222;Mission&#8220; in konkrete Hamburger Politik um und erweitert es. Eine &#8222;Mission&#8220; ist ein sektor\u00fcbergreifendes Innovations- und Investitionsprogramm in Zusammenarbeit von Staat, Wirtschaft, Gesellschaft und Wissenschaft. Eine staatlich getriebene &#8222;Mission&#8220; schafft Anreize f\u00fcr neue, zus\u00e4tzliche Investitionen, die ohne sie nicht erfolgt w\u00e4ren. Sie &hellip; <\/p>\n<p class=\"link-more\"><a href=\"https:\/\/carbonneutral2035.hamburg\/?page_id=58\" class=\"more-link\"><span class=\"screen-reader-text\">\u201eKlima-Innovationsprogramm\u201c <\/span>weiterlesen<\/a><\/p>\n","protected":false},"author":1,"featured_media":0,"parent":0,"menu_order":0,"comment_status":"closed","ping_status":"closed","template":"","meta":{"footnotes":""},"class_list":["post-58","page","type-page","status-publish","hentry"],"jetpack_sharing_enabled":true,"_links":{"self":[{"href":"https:\/\/carbonneutral2035.hamburg\/index.php?rest_route=\/wp\/v2\/pages\/58","targetHints":{"allow":["GET"]}}],"collection":[{"href":"https:\/\/carbonneutral2035.hamburg\/index.php?rest_route=\/wp\/v2\/pages"}],"about":[{"href":"https:\/\/carbonneutral2035.hamburg\/index.php?rest_route=\/wp\/v2\/types\/page"}],"author":[{"embeddable":true,"href":"https:\/\/carbonneutral2035.hamburg\/index.php?rest_route=\/wp\/v2\/users\/1"}],"replies":[{"embeddable":true,"href":"https:\/\/carbonneutral2035.hamburg\/index.php?rest_route=%2Fwp%2Fv2%2Fcomments&post=58"}],"version-history":[{"count":4,"href":"https:\/\/carbonneutral2035.hamburg\/index.php?rest_route=\/wp\/v2\/pages\/58\/revisions"}],"predecessor-version":[{"id":164,"href":"https:\/\/carbonneutral2035.hamburg\/index.php?rest_route=\/wp\/v2\/pages\/58\/revisions\/164"}],"wp:attachment":[{"href":"https:\/\/carbonneutral2035.hamburg\/index.php?rest_route=%2Fwp%2Fv2%2Fmedia&parent=58"}],"curies":[{"name":"wp","href":"https:\/\/api.w.org\/{rel}","templated":true}]}}