{"id":40,"date":"2019-11-03T20:13:05","date_gmt":"2019-11-03T19:13:05","guid":{"rendered":"http:\/\/carbonneutral2035.hamburg\/?page_id=40"},"modified":"2020-02-23T16:08:16","modified_gmt":"2020-02-23T15:08:16","slug":"willkommen","status":"publish","type":"page","link":"https:\/\/carbonneutral2035.hamburg\/","title":{"rendered":"Willkommen"},"content":{"rendered":"\n<p><strong><em>Diese Web-Pr\u00e4senz ist experimentell und im Aufbau. Sie ist ein Beitrag zur \u00f6ffentlichen Diskussion und eine Einladung zur Entwicklung neuer Politikans\u00e4tze in der Klimakrise. Sie stellt die Frage: Wie kann wirksame Klimaschutzpolitik in Hamburg gelingen?<\/em><\/strong><\/p>\n\n\n\n<p>Die Klimakrise ist in Hamburg ganz oben auf der politischen Tagesordnung angekommen. Klimaschutzgesetz, Klimaplan und die Begrenzung der Erderw\u00e4rmung als Verfassungsauftrag wurden noch kurz vor der B\u00fcrgerschaftswahl im Februar 2020 verabschiedet.<\/p>\n\n\n\n<p>Nur: Klimaplan und Klimaschutzgesetz des alten Senats reichen klar erkennbar nicht aus, die selbst gesetzten Ziele zu erreichen. Und die gesetzten Ziele bleiben deutlich hinter den Empfehlungen der Klimawissenschaft, den Appellen der UN und den Forderungen von Fridays for Future zur\u00fcck.<\/p>\n\n\n\n<p>Die Hamburger Politik und der neu zu bildende Senat laufen damit nicht nur Gefahr, bei der notwendigen Verringerung der CO2-Emissionen zu scheitern. Sie vers\u00e4umen es auch, den Risiken des bevorstehenden Strukturwandels zur kohlenstoffarmen Wirtschaft und Gesellschaft wirksam zu begegnen. Und sie verspielen die Chancen auf eine lebenswerte und wirtschaftsstarke Stadt, die in einer zukunftsgewandten Klimapolitik stecken.<\/p>\n\n\n\n<p>Dabei experimentiert Hamburg bereits mit Reallaboren zur Energiewende, Stadtwerkst\u00e4tten zur B\u00fcrger*innenbeteiligung oder Projekten wie \u201eKlimafreundliches Lokstedt\u201c und \u201eOttensen macht Platz\u201c. Wie bekommen wir diese Experimente aus ihren Nischen und bringen sie im Kernbereich von Politik, Wirtschaft und Gesellschaft zur Wirkung?<\/p>\n\n\n\n<p>Ein Blick \u00fcber den Tellerrand, beispielsweise nach Gro\u00dfbritannien, Finnland, Richtung Br\u00fcssel oder in die aktuelle Forschung, zeigt hinreichend Beispiele f\u00fcr wirkungsvolle Innovationsprogramme, Institutionen und Beteiligungsprozesse. Transformationsforschung und Politikwissenschaft halten einen gut durchdachten Werkzeugkasten bereit, der nur darauf wartet, in Hamburg in die Praxis umgesetzt zu werden.<\/p>\n\n\n\n<p>Diese Webseite &#8211; und was immer in den n\u00e4chsten Monaten daraus erw\u00e4chst &#8211; soll zwei Dinge erreichen: Anregungen f\u00fcr neuen Ans\u00e4tze einer wirksamen Hamburger Klimapolitik liefern, und dazu einladen, dies Ans\u00e4tze weiterzuentwickeln und in Hamburg wirksam werden zu lassen.<\/p>\n\n\n\n<p>Derzeit wird diese Webseite von einem losen Zusammenschluss von Menschen getragen, die die Sorge um das strukturelle Versagen der Klimapolitik zusammengebracht hat &#8211; und die \u00dcberzeugung, dass eine wirkungsvolle Klimapolitik, auf die wir als Hamburger*innen stolz sein k\u00f6nnen, m\u00f6glich ist.<\/p>\n\n\n\n<p>Sollte diese Ideen Ihr Interesse finden, Sie an einer Mitarbeit interessiert sein oder einfach auf dem Laufenden gehalten werden wollen &#8211; bitte treten Sie mit uns in <a href=\"https:\/\/carbonneutral2035.hamburg\/?page_id=46\">Kontakt<\/a>. Wir freuen uns.<\/p>\n\n\n\n<p>Hamburg, im Februar 2020<\/p>\n\n\n\n<p><em>Axel B\u00fchler, ehemaliges Mitglied der Hamburgischen B\u00fcrgerschaft<\/em>, Physiker<\/p>\n\n\n\n<p class=\"has-small-font-size\"><em>Titelgrafik: <a href=\"https:\/\/showyourstripes.info\" target=\"_blank\" rel=\"noreferrer noopener\" aria-label=\" (opens in a new tab)\">Warming Stripes <\/a>for Germany from 1881-2018 #ShowYourStripes<\/em><\/p>\n","protected":false},"excerpt":{"rendered":"<p>Diese Web-Pr\u00e4senz ist experimentell und im Aufbau. Sie ist ein Beitrag zur \u00f6ffentlichen Diskussion und eine Einladung zur Entwicklung neuer Politikans\u00e4tze in der Klimakrise. Sie stellt die Frage: Wie kann wirksame Klimaschutzpolitik in Hamburg gelingen? Die Klimakrise ist in Hamburg ganz oben auf der politischen Tagesordnung angekommen. Klimaschutzgesetz, Klimaplan und die Begrenzung der Erderw\u00e4rmung als &hellip; <\/p>\n<p class=\"link-more\"><a href=\"https:\/\/carbonneutral2035.hamburg\/\" class=\"more-link\"><span class=\"screen-reader-text\">\u201eWillkommen\u201c <\/span>weiterlesen<\/a><\/p>\n","protected":false},"author":1,"featured_media":0,"parent":0,"menu_order":0,"comment_status":"closed","ping_status":"closed","template":"","meta":{"footnotes":""},"class_list":["post-40","page","type-page","status-publish","hentry"],"jetpack_sharing_enabled":true,"_links":{"self":[{"href":"https:\/\/carbonneutral2035.hamburg\/index.php?rest_route=\/wp\/v2\/pages\/40","targetHints":{"allow":["GET"]}}],"collection":[{"href":"https:\/\/carbonneutral2035.hamburg\/index.php?rest_route=\/wp\/v2\/pages"}],"about":[{"href":"https:\/\/carbonneutral2035.hamburg\/index.php?rest_route=\/wp\/v2\/types\/page"}],"author":[{"embeddable":true,"href":"https:\/\/carbonneutral2035.hamburg\/index.php?rest_route=\/wp\/v2\/users\/1"}],"replies":[{"embeddable":true,"href":"https:\/\/carbonneutral2035.hamburg\/index.php?rest_route=%2Fwp%2Fv2%2Fcomments&post=40"}],"version-history":[{"count":19,"href":"https:\/\/carbonneutral2035.hamburg\/index.php?rest_route=\/wp\/v2\/pages\/40\/revisions"}],"predecessor-version":[{"id":158,"href":"https:\/\/carbonneutral2035.hamburg\/index.php?rest_route=\/wp\/v2\/pages\/40\/revisions\/158"}],"wp:attachment":[{"href":"https:\/\/carbonneutral2035.hamburg\/index.php?rest_route=%2Fwp%2Fv2%2Fmedia&parent=40"}],"curies":[{"name":"wp","href":"https:\/\/api.w.org\/{rel}","templated":true}]}}