{"id":36,"date":"2019-11-03T20:04:45","date_gmt":"2019-11-03T19:04:45","guid":{"rendered":"http:\/\/carbonneutral2035.hamburg\/?page_id=36"},"modified":"2020-02-23T16:46:24","modified_gmt":"2020-02-23T15:46:24","slug":"herausforderung-klimakrise-hamburg-neu-erfinden","status":"publish","type":"page","link":"https:\/\/carbonneutral2035.hamburg\/?page_id=36","title":{"rendered":"Herausforderung Klimakrise: &#8222;Etwas Neues wagen, um zu gewinnen.&#8220;"},"content":{"rendered":"\n<p>Machen wir uns nichts vor: Selbst ambitionierte Szenarien zeigen aktuell kein &#8211; politisch, \u00f6konomisch, sozial &#8211; erkennbares Ma\u00dfnahmenb\u00fcndel, das wir einfach umsetzen k\u00f6nnten, um ein klimaneutrales Hamburg zu erreichen. Klar krempeln wir die \u00c4rmel hoch und fangen sofort an. Aber eigentlich wissen wir alle ganz genau: Business as usual wird nicht liefern k\u00f6nnen. Im Augenblick kann niemand ann\u00e4hernd sagen, wie genau wir ein klimaneutrales Hamburg, sei es im Jahr 2050 oder  im Jahr 2035, erreichen.<\/p>\n\n\n\n<p>Wenn das stimmt, wenn also der Weg die eigentliche Herausforderung ist, und wie wir ihn gehen &#8211; was hei\u00dft das dann f\u00fcr eine Klimaschutzpolitik im Jahr 2020 in Hamburg? <\/p>\n\n\n\n<p><strong>Vor allem stellt sich die Aufgabe, die politischen, institutionellen und finanziellen Voraussetzungen f\u00fcr eine erfolgreiche Klimapolitik zu schaffen. <\/strong><\/p>\n\n\n\n<p>Was eigentlich seit vorgestern, sicher aber ab Februar 2020 nicht mehr geht:<\/p>\n\n\n\n<ul class=\"wp-block-list\"><li>Beh\u00f6rden und Bezirke puzzeln in ihren Silos vor sich hin<\/li><li>B\u00fcrger*innen werden beteiligt, wenn die Entscheidungen l\u00e4ngst gefallen sind<\/li><li>die Innovationspolitik in der Metropolregion bleibt so umkoordiniert wie von der OECD gerade kritisiert<\/li><li>wir arbeiten kleinteilig an der Klimakrise &#8211; ohne strategisches Zentrum, ohne transparente Steuerung und kurzfristige \u00dcberpr\u00fcfung der Wirksamkeit.<\/li><\/ul>\n\n\n\n<p>Wie aber kann eine Politik aussehen, die Klimaschutz wirkungsvoll voranbringt? Was bedeutet &#8222;gutes Regieren&#8220; im Sinne des erfolgreichen Klimaschutzes?<\/p>\n\n\n\n<ul class=\"wp-block-list\"><li><strong>Co-Design und Kollaboration mit B\u00fcrger*innen und Einzelunternehmen<\/strong> fr\u00fch in Planungsprozessen, in denen ortsspezifische Expertise zu besseren Entscheidungen f\u00fchrt<\/li><li><strong>Kollaboration und Co-Design zwischen Beh\u00f6rden, Bezirken und Verb\u00e4nden<\/strong> &#8211; Strategie und Planung am digitalen Modell<\/li><li>ein <strong>Innovationsprogramm<\/strong>, das die Metropolregion mit ihrem riesigen Potential daf\u00fcr mobilisiert, in 2035 klimaneutral leben und arbeiten zu k\u00f6nnen<\/li><li>eine <strong>politische F\u00fchrung<\/strong>, die keinen Zweifel an unseren Zielen l\u00e4\u00dft, aber <strong>Experimente<\/strong> wagt, eine offensive <strong>Offenheit f\u00fcr L\u00f6sungswege<\/strong> an den Tag legt &#8211; und die <strong>Mittel und Instrumente bereitstellt<\/strong>, mit diesem neuen Politikansatz Ergebnisse zu erzielen.<\/li><\/ul>\n\n\n\n<p>Als Kennedy 1962 in seiner Rede an der Rice University das Ziel formulierte, innerhalb des Jahrzehnts einen Menschen zum Mond und zur\u00fcck zu bringen, waren weder das n\u00f6tige Ma\u00dfnahmenb\u00fcndel, noch die n\u00f6tige Technologie entwickelt. Vor 51 Jahren, 7 Jahre nach Kennedys Rede, betrat der erste Mensch den Mond. Und in jedem Smartphone stecken heute Technologien, die auf dieses staatlich betriebene Mondprogramm zur\u00fcckgehen.<\/p>\n\n\n\n<p><strong>Was w\u00e4re, wenn sich Hamburg als &#8222;Moonshot&#8220;  seine Klimaneutralit\u00e4t im Jahr 2035 zum Ziel setzen w\u00fcrde? <\/strong>Was w\u00e4re, wenn Hamburg in diesem Jahr  gemeinsam mit B\u00fcrger*innen, Politik, Verwaltung, Wirtschaft, Wissenschaft und Zivilgesellschaft &#8222;etwas Neues wagt, um zu gewinnen&#8220;? Mit einer klaren Vision, unter engagierter politischer F\u00fchrung, umfassender Kommunikation, einem klug gestaffelten und gut koordinierten Vorgehen und einem Blick auf die Entwicklung der notwendigen F\u00e4higkeiten.<\/p>\n\n\n\n<p>Als m\u00f6gliche Bausteine f\u00fcr eine solche Initiative sehen wir unter anderem: <a href=\"https:\/\/carbonneutral2035.hamburg\/?page_id=58\">Klima-Innovationsprogramm<\/a>, <a href=\"https:\/\/carbonneutral2035.hamburg\/?page_id=71\">die Stadt als Experimentierfeld<\/a>, <a href=\"https:\/\/carbonneutral2035.hamburg\/?page_id=85\">Co-Design und Kollaboration<\/a>, <a href=\"https:\/\/carbonneutral2035.hamburg\/?page_id=90\">Innovative Verwaltung<\/a>, <a href=\"https:\/\/carbonneutral2035.hamburg\/?page_id=93\">CO2-Monitoring in Echtzeit<\/a>.<\/p>\n\n\n\n<h2 class=\"wp-block-heading\">Innovation<\/h2>\n\n\n\n<p>Klarstellung: Innovation verwenden wir im folgenden weit gefasst f\u00fcr neue Ans\u00e4tze zur Bew\u00e4ltigung der Klimakrise &#8211; neues Verhalten, neue Politikans\u00e4tze, neue Institutionen, ausdr\u00fccklich nicht nur f\u00fcr technische Innovationen.<\/p>\n\n\n\n<p class=\"has-text-align-right has-small-font-size\"><em>V02 &#8211; 23.02.20<\/em>20<\/p>\n","protected":false},"excerpt":{"rendered":"<p>Machen wir uns nichts vor: Selbst ambitionierte Szenarien zeigen aktuell kein &#8211; politisch, \u00f6konomisch, sozial &#8211; erkennbares Ma\u00dfnahmenb\u00fcndel, das wir einfach umsetzen k\u00f6nnten, um ein klimaneutrales Hamburg zu erreichen. Klar krempeln wir die \u00c4rmel hoch und fangen sofort an. Aber eigentlich wissen wir alle ganz genau: Business as usual wird nicht liefern k\u00f6nnen. Im Augenblick &hellip; <\/p>\n<p class=\"link-more\"><a href=\"https:\/\/carbonneutral2035.hamburg\/?page_id=36\" class=\"more-link\"><span class=\"screen-reader-text\">\u201eHerausforderung Klimakrise: &#8222;Etwas Neues wagen, um zu gewinnen.&#8220;\u201c <\/span>weiterlesen<\/a><\/p>\n","protected":false},"author":1,"featured_media":0,"parent":0,"menu_order":0,"comment_status":"closed","ping_status":"closed","template":"","meta":{"footnotes":""},"class_list":["post-36","page","type-page","status-publish","hentry"],"jetpack_sharing_enabled":true,"_links":{"self":[{"href":"https:\/\/carbonneutral2035.hamburg\/index.php?rest_route=\/wp\/v2\/pages\/36","targetHints":{"allow":["GET"]}}],"collection":[{"href":"https:\/\/carbonneutral2035.hamburg\/index.php?rest_route=\/wp\/v2\/pages"}],"about":[{"href":"https:\/\/carbonneutral2035.hamburg\/index.php?rest_route=\/wp\/v2\/types\/page"}],"author":[{"embeddable":true,"href":"https:\/\/carbonneutral2035.hamburg\/index.php?rest_route=\/wp\/v2\/users\/1"}],"replies":[{"embeddable":true,"href":"https:\/\/carbonneutral2035.hamburg\/index.php?rest_route=%2Fwp%2Fv2%2Fcomments&post=36"}],"version-history":[{"count":5,"href":"https:\/\/carbonneutral2035.hamburg\/index.php?rest_route=\/wp\/v2\/pages\/36\/revisions"}],"predecessor-version":[{"id":163,"href":"https:\/\/carbonneutral2035.hamburg\/index.php?rest_route=\/wp\/v2\/pages\/36\/revisions\/163"}],"wp:attachment":[{"href":"https:\/\/carbonneutral2035.hamburg\/index.php?rest_route=%2Fwp%2Fv2%2Fmedia&parent=36"}],"curies":[{"name":"wp","href":"https:\/\/api.w.org\/{rel}","templated":true}]}}