{"id":30,"date":"2019-11-03T19:54:14","date_gmt":"2019-11-03T18:54:14","guid":{"rendered":"http:\/\/carbonneutral2035.hamburg\/?page_id=30"},"modified":"2019-11-03T21:44:50","modified_gmt":"2019-11-03T20:44:50","slug":"mission-oriented-innovation-governing-missions","status":"publish","type":"page","link":"https:\/\/carbonneutral2035.hamburg\/?page_id=30","title":{"rendered":"Mission-oriented Innovation: Umsetzungsempfehlungen"},"content":{"rendered":"\n<p>In ihrem aktuellen Report f\u00fcr die EU-Kommission macht Mariana Mazzucato konkrete Vorschl\u00e4ge f\u00fcr die Umsetzung und Steuerung (Governance) von &#8222;Missions&#8220;. Sie stellt und beantwortet die Frage, auf welche Weise sich \u00f6ffentlicher und privater Sektor unser marktwirtschaftliches System zunutze machen k\u00f6nnen, um ambitionierte Missions mittels ebenso ambitionierter Werkzeuge und Instrumente umzusetzen. Sie betrachtet dabei drei Dimensionen: <\/p>\n\n\n\n<ol class=\"wp-block-list\"><li>wie Werkzeuge des Regierens &#8211; von Beschaffung bis zur Preisgestaltung &#8211; auf die Ziele der Missions abgestimmtes Experimentieren f\u00f6rdern k\u00f6nnen<\/li><li>auf welche Weise \u00f6ffentliche Finanzmittel private Investitionen mobilisieren k\u00f6nnen<\/li><li>wie soziale Bewegungen und B\u00fcrger*innenbeteiligung zu einem kreativen, offenen und erm\u00e4chtigenden Prozess zielgeleiteter Innovation beitragen k\u00f6nnen<\/li><\/ol>\n\n\n\n<h2 class=\"wp-block-heading\">Einbeziehung der B\u00fcrger*innen<\/h2>\n\n\n\n<h3 class=\"wp-block-heading\">Co-Design<\/h3>\n\n\n\n<p><em>Empfehlung 1: <\/em>Formale Konsultationen und der direkte Austausch mit B\u00fcrgerbewegungen, Zivilgesellschaft, Arbeiter*innen und unter-repr\u00e4sentierten Gruppen sind notwendig, um eine wirksame Beteiligung der B\u00fcrger*innen bei der Entwicklung konkreter Vorschl\u00e4ge f\u00fcr Missions sicherzustellen.<\/p>\n\n\n\n<p><em>Empfehlung 2:<\/em> \u00d6ffentliche Konsultationen, deren Ergebnisse in die Definition von Missions einflie\u00dfen, m\u00fcssen so gestaltet sein, dass sie nicht von Interessengruppen dominiert werden k\u00f6nnen.<\/p>\n\n\n\n<h3 class=\"wp-block-heading\">Co-Umsetzung<\/h3>\n\n\n\n<p><em>Empfehlung 3:<\/em> B\u00fcrger-Wissenschaftler*innen und Innovatoren (Citizen Scientists and Innovators) k\u00f6nnen einen wirkungsvollen Beitrag zum Erfolg liefern und die Umsetzung von Missions erg\u00e4nzen. Sie sollten aktiv zur Beteiligung ermutigt werden.<\/p>\n\n\n\n<h3 class=\"wp-block-heading\">Co-Bewertung<\/h3>\n\n\n\n<p><em>Empfehlung 4:<\/em> Missions sollten so gestaltet werden, dass Erfahrungen und Beobachtungen von B\u00fcrger*innen zur Dokumentation der erzielten Fortschritte genutzt werden k\u00f6nnen.<\/p>\n\n\n\n<h3 class=\"wp-block-heading\">B\u00fcrger*innen-orientierte Kommunikation und Information<\/h3>\n\n\n\n<p><em>Empfehlung 5:<\/em> W\u00e4hrend des gesamten Lebenszyklus&#8216; einer Mission sollte b\u00fcrger*innen-orientiert kommuniziert und informiert werden, um den Wert der Forschungs- und Innovationsaktivit\u00e4ten f\u00fcr die Hamburger B\u00fcrger*innen und die sp\u00fcrbaren Auswirkungen auf ihren Alltag zu vermitteln.<\/p>\n\n\n\n<h2 class=\"wp-block-heading\">Bef\u00e4higung des \u00d6ffentlichen Sektors<\/h2>\n\n\n\n<h3 class=\"wp-block-heading\">Aufbrechen von Silos und Koordination f\u00fcr Missions<\/h3>\n\n\n\n<p><em>Empfehlung 6:<\/em> Die erfolgreiche Umsetzung von Missions wird wahrscheinlicher, wenn Silos aufgebrochen und Aktivit\u00e4ten zwischen Fachbeh\u00f6rden koordiniert werden &#8211; bei gleichzeitig klar  geregelter Umsetzungs- und Letztverantwortung. Es ist erfolgsentscheidend, dass diese Aktivit\u00e4ten von h\u00f6chster Stelle in der Exekutive koordiniert werden.<\/p>\n\n\n\n<h3 class=\"wp-block-heading\">F\u00fchrung und flexible Arbeitsformen<\/h3>\n\n\n\n<p><em>Empfehlung 7:<\/em> Steuerung und Umsetzung einer Mission sollte durch ein hochrangig besetztes Gremium unter Einbeziehung f\u00fchrender Repr\u00e4sentant*innen aus Forschung, Wirtschaft und B\u00fcrgergesellschaft unterst\u00fctzt werden. Sie beraten bei der Mittelzuweisung, Projektauswahl und -evaluation, und Experimenten mit neuen Arbeitsweisen.<\/p>\n\n\n\n<p><em>Empfehlung 8:<\/em> Flexible Verfahren zum Austausch von Mitarbeiter*innen verschiedener in Missions involvierter Fachbeh\u00f6rden, Agenturen und umsetzenden Organisationen sollten eingef\u00fchrt werden, um Experimentierfreude und Risikobereitschaft zu f\u00f6rdern.<\/p>\n\n\n\n<p><em>Empfehlung 9:<\/em> Ein Portfolio-Ansatz bedeutet, dass der \u00f6ffentliche Sektor seine Haltung zum Risko kritisch \u00fcberpr\u00fcfen muss. Er sollte sich weniger auf das Auslagern von Regierungsfunktionen fokussieren und mehr auf das Lernen aus Fehlern.<\/p>\n\n\n\n<h3 class=\"wp-block-heading\">\u00d6ffentliche Beschaffung als Motor<\/h3>\n\n\n\n<p><em>Empfehlung 10:<\/em> Die \u00f6ffentliche Beschaffung innovativer L\u00f6sungen sollte durch Nachfrageanreize und Investitionen gef\u00f6rdert werden und damit Bottom-up-Innovationen vorantreiben. Dies verlangt neue, dynamische Bewertungsregeln, die dar\u00fcber hinaus reichen, den Zuschlag nur der kurzfristig kosteng\u00fcnstigsten L\u00f6sung und einem &#8222;Gewinner&#8220; zu erteilen.<\/p>\n\n\n\n<h3 class=\"wp-block-heading\">Ordnungsrechtlicher Rahmen<\/h3>\n\n\n\n<p><em>Empfehlung 11:<\/em> Ordnungsrecht sollte dazu eingesetzt werden, Innovation in Gang zu bringen (statt Barrieren zu errichten), die dazu beitragen, den gew\u00fcnschten gesellschaftlichen Mehrwert zu erzielen.<\/p>\n\n\n\n<h3 class=\"wp-block-heading\">Regelwerke und F\u00e4higkeiten zur Bewertung der Brauchbarkeit<\/h3>\n\n\n\n<p><em>Empfehlung 12:<\/em> Regierungen sollten neue Bewertungsregeln, -werkzeuge und -techniken anwenden, die \u00fcber die statische Kosten-Nutzen-Analyse hinaus Zusatzeffekte \u00fcber den urspr\u00fcnglichen Betrachtungsbereich hinaus ber\u00fccksichtigen (Additionalit\u00e4t), die direkt auf die Umsetzung einer Mission zur\u00fcckgef\u00fchrt werden k\u00f6nnen.<\/p>\n\n\n\n<h2 class=\"wp-block-heading\">Finanzierung<\/h2>\n\n\n\n<h3 class=\"wp-block-heading\">Instrumente koordinieren, um Anreize f\u00fcr private Investitionen entlang der gesamten Innovationskette zu schaffen<\/h3>\n\n\n\n<p><em>Empfehlung 13:<\/em> Die Einrichtung privater und \u00f6ffentlicher Riskokapitalfonds, die auf die Unterst\u00fctzung der Ziele der Missions ausgerichtet sind, sollte gef\u00f6rdert werden. Sie sollten insbesondere auf eine langfristige, geduldige Finanzierung achten (statt kurzer Investitionszeitr\u00e4ume).<\/p>\n\n\n\n<p><em>Empfehlung 14:<\/em> Die Politikinstrumente und Finanzierungen zur Umsetzung von Missions sollten langfristig bereit gestellt werden und Innovationen \u00fcber den gesamten Zeitraum einer Mission  passgenau zur jeweiligen Phase im Innovationsprozess unterst\u00fctzen.<\/p>\n\n\n\n<h3 class=\"wp-block-heading\">Finanzierung auf europ\u00e4ischer, nationaler und regionaler Ebene aufeinander abstimmen<\/h3>\n\n\n\n<p><em>Empfehlung 15:<\/em> Um die Wirkung von Missions zu maximieren, m\u00fcssen europ\u00e4ische, nationale und regionale Finanzierungsinstrumente besser koordiniert werden.<\/p>\n\n\n\n<h3 class=\"wp-block-heading\">Weitere private Finanzquellen erschlie\u00dfen<\/h3>\n\n\n\n<p><em>Empfehlung 16:<\/em> Missions sollten die Interaktion mit EU-weiten Crowdfunding-Plattformen aktiv unterst\u00fctzen, um an ihren Zielen orientierte bottom-up-Experimente zur finanzieren.<\/p>\n\n\n\n<p><em>Empfehlung 17:<\/em> Stiftungen sollten flexible M\u00f6glichkeiten geboten werden, sich bei Umsetzung und Steuerung von Missions einzubringen, um Synergien zu heben und Doppelungen bei der Forschungsfinanzierung zu vermeiden<\/p>\n\n\n\n<p>Quelle: Mazzucato, M. (2019). GOVERNING MISSIONS. Governing Missions in the European Union.<\/p>\n\n\n\n<p style=\"text-align:right\" class=\"has-small-font-size\"><em>V01 &#8211; 03.11.2019<\/em><\/p>\n","protected":false},"excerpt":{"rendered":"<p>In ihrem aktuellen Report f\u00fcr die EU-Kommission macht Mariana Mazzucato konkrete Vorschl\u00e4ge f\u00fcr die Umsetzung und Steuerung (Governance) von &#8222;Missions&#8220;. Sie stellt und beantwortet die Frage, auf welche Weise sich \u00f6ffentlicher und privater Sektor unser marktwirtschaftliches System zunutze machen k\u00f6nnen, um ambitionierte Missions mittels ebenso ambitionierter Werkzeuge und Instrumente umzusetzen. Sie betrachtet dabei drei Dimensionen: &hellip; <\/p>\n<p class=\"link-more\"><a href=\"https:\/\/carbonneutral2035.hamburg\/?page_id=30\" class=\"more-link\"><span class=\"screen-reader-text\">\u201eMission-oriented Innovation: Umsetzungsempfehlungen\u201c <\/span>weiterlesen<\/a><\/p>\n","protected":false},"author":1,"featured_media":0,"parent":0,"menu_order":0,"comment_status":"closed","ping_status":"closed","template":"","meta":{"footnotes":""},"class_list":["post-30","page","type-page","status-publish","hentry"],"jetpack_sharing_enabled":true,"_links":{"self":[{"href":"https:\/\/carbonneutral2035.hamburg\/index.php?rest_route=\/wp\/v2\/pages\/30","targetHints":{"allow":["GET"]}}],"collection":[{"href":"https:\/\/carbonneutral2035.hamburg\/index.php?rest_route=\/wp\/v2\/pages"}],"about":[{"href":"https:\/\/carbonneutral2035.hamburg\/index.php?rest_route=\/wp\/v2\/types\/page"}],"author":[{"embeddable":true,"href":"https:\/\/carbonneutral2035.hamburg\/index.php?rest_route=\/wp\/v2\/users\/1"}],"replies":[{"embeddable":true,"href":"https:\/\/carbonneutral2035.hamburg\/index.php?rest_route=%2Fwp%2Fv2%2Fcomments&post=30"}],"version-history":[{"count":3,"href":"https:\/\/carbonneutral2035.hamburg\/index.php?rest_route=\/wp\/v2\/pages\/30\/revisions"}],"predecessor-version":[{"id":77,"href":"https:\/\/carbonneutral2035.hamburg\/index.php?rest_route=\/wp\/v2\/pages\/30\/revisions\/77"}],"wp:attachment":[{"href":"https:\/\/carbonneutral2035.hamburg\/index.php?rest_route=%2Fwp%2Fv2%2Fmedia&parent=30"}],"curies":[{"name":"wp","href":"https:\/\/api.w.org\/{rel}","templated":true}]}}