{"id":17,"date":"2019-11-03T19:19:33","date_gmt":"2019-11-03T18:19:33","guid":{"rendered":"http:\/\/carbonneutral2035.hamburg\/?page_id=17"},"modified":"2019-11-03T21:44:03","modified_gmt":"2019-11-03T20:44:03","slug":"mission-oriented-innovation-nach-mariana-mazzucato","status":"publish","type":"page","link":"https:\/\/carbonneutral2035.hamburg\/?page_id=17","title":{"rendered":"Mission-oriented Innovation: Das Konzept"},"content":{"rendered":"\n<p>Mazzucato schl\u00e4gt vor, die Bew\u00e4ltigung gro\u00dfer gesellschaftlicher Herausforderungen wie z.B. der Klimakrise in Form von &#8222;Missions&#8220; anzugehen. Eine Mission ist ein sektor\u00fcbergreifendes Innovations- und Investitionsprogramme in Zusammenarbeit von Staat, Wirtschaft, Gesellschaft und Wissenschaft. Eine staatlich getriebene Mission schafft Anreize f\u00fcr neue, zus\u00e4tzliche Investitionen, die ohne sie nicht erfolgt w\u00e4ren. <\/p>\n\n\n\n<p>Missionen bearbeiten Herausforderungen von gesellschaftlicher Relevanz und zielen darauf ab, das Gemeinwohl zu steigern (Gesundheit, Ern\u00e4hrung, Klimakrise). Missionen zielen darauf ab, bestimmte Technologien mit hohem gesellschaftlichem Nutzen schneller zum Einsatz zu bringen. In anderen Bereichen treiben sie einen Systemwechsel voran. Missionen mit breiter gesellschaftlicher Wirkung brauchen in der Regel eine Kombination beider Ans\u00e4tze.<\/p>\n\n\n\n<p>Das Konzept der Missionen baut auf Erfahrungen der Vergangenheit und aktuelle Forschung zu Innovationen auf: Innovationen entstehen als das Ergebnis gl\u00fccklicher Zuf\u00e4lle, sind nicht-linear und ihr Erfolg ist unvorhersehbar.<\/p>\n\n\n\n<p>Erfolgreiche Missionen entsprechen laut Mazzucato den folgenden f\u00fcnf Kriterien:<\/p>\n\n\n\n<ol class=\"wp-block-list\"><li>Sie sind mutig, inspirierend und adressieren gesellschaftlich relevante Themen<\/li><li>Sie formulieren konkrete Ziele, an denen sich der Erfolg einer Mission klar erkennen l\u00e4\u00dft<\/li><li>Sie beziehen Forschung und Entwicklung ein, um die technischen Mittel zur Probleml\u00f6sung in einem vorgegebenen Zeitrahmen bereitzustellen <\/li><li>Sie sind sektor\u00fcbergreifend, akteurs\u00fcbergreifend und fach\u00fcbergreifend<\/li><li>Sie entwickeln mehrere L\u00f6sungen, die im Wettbewerb zueinander stehen<\/li><\/ol>\n\n\n\n<p>Missionen verbinden die gro\u00dfen Herausforderungen wie die Klimakrise, die zu abstrakt sind, um handlungsleitend zu sein, mit konkreten Forschungs- und Entwicklungsprojekten, die zwar handlungsleitend sein k\u00f6nnen, dabei aber oft nur isoliert Wirkung zeigen. Missionen setzen klare und ambitionierte Ziele, die nur \u00fcber ein Portfolio von F&amp;E-Projekten und unterst\u00fctzende Ma\u00dfnahmen bei z.B. politischer Rahmensetzung, Implementierung und Einbeziehung von Endverbrauchern erreicht werden k\u00f6nnen. Dabei setzen Missionen Ziele, geben aber keine L\u00f6sungswege vor.<\/p>\n\n\n\n<p>Eine Mission ist das Ergebnis eines politischen Entscheidungsprozesses. Ihr Erfolg h\u00e4ngt aber von den vielf\u00e4ltigen Prozessen an der Basis ab, die den N\u00e4hrboden f\u00fcr Innovationen bieten. Experimentier- und Risikofreude sind wesentliche Elemente der Mission-Philosophie. Das erfordert einen Portfolio-Ansatz, der verschiedene L\u00f6sungswege verfolgt, und eine Vielzahl breit gestreuter Interaktionen.<\/p>\n\n\n\n<p>Im Unterschied zu klassischen vertikalen Politikans\u00e4tzen, die h\u00e4ufig eine Branche ins Zentrum stellen, fokussiert eine Mission auf die L\u00f6sung eines gesellschaftlich relevanten Problems.<\/p>\n\n\n\n<p>Beispiele:<br>Das Internet beispielsweise entwickelte sich aus einer L\u00f6sung (ARPANET) f\u00fcr ein konkretes Problem in den 60er Jahren: wie k\u00f6nnen verteilte Computer \u00fcber ein gemeinsames Netzwerk Nachrichten austauschen.<br>Beispielhafte Mission<br>Globales Ziel: Saubere Meere, Mission: Plastik-freie Meere (mit konkreter Zieldefinition), Projekte: z.B. Wiederverwendbare \/ biologisch abbaubare Kunststoffe <\/p>\n\n\n\n<p>Mazzucato, M. (2018). MISSIONS Mission-Oriented Research &amp; Innovation in the European Union A problem-solving approach to fuel innovation-led growth. European Commission Directorate-General for Research and Innovation.<br><a href=\"https:\/\/op.europa.eu\/de\/publication-detail\/-\/publication\/5b2811d1-16be-11e8-9253-01aa75ed71a1\">https:\/\/op.europa.eu\/de\/publication-detail\/-\/publication\/5b2811d1-16be-11e8-9253-01aa75ed71a1<\/a><\/p>\n\n\n\n<p>Mazzucato, M. (2018). Mission-led Research and Innovation in Support of the Sustainable Development Goals. In SDSN NETWORKS IN ACTION 2018 (pp. 4-7). SDSN.<\/p>\n\n\n\n<p style=\"text-align:right\" class=\"has-small-font-size\"><em>V01 &#8211; 03.11.2019<\/em><\/p>\n","protected":false},"excerpt":{"rendered":"<p>Mazzucato schl\u00e4gt vor, die Bew\u00e4ltigung gro\u00dfer gesellschaftlicher Herausforderungen wie z.B. der Klimakrise in Form von &#8222;Missions&#8220; anzugehen. Eine Mission ist ein sektor\u00fcbergreifendes Innovations- und Investitionsprogramme in Zusammenarbeit von Staat, Wirtschaft, Gesellschaft und Wissenschaft. Eine staatlich getriebene Mission schafft Anreize f\u00fcr neue, zus\u00e4tzliche Investitionen, die ohne sie nicht erfolgt w\u00e4ren. Missionen bearbeiten Herausforderungen von gesellschaftlicher Relevanz &hellip; <\/p>\n<p class=\"link-more\"><a href=\"https:\/\/carbonneutral2035.hamburg\/?page_id=17\" class=\"more-link\"><span class=\"screen-reader-text\">\u201eMission-oriented Innovation: Das Konzept\u201c <\/span>weiterlesen<\/a><\/p>\n","protected":false},"author":1,"featured_media":0,"parent":0,"menu_order":0,"comment_status":"closed","ping_status":"closed","template":"","meta":{"footnotes":""},"class_list":["post-17","page","type-page","status-publish","hentry"],"jetpack_sharing_enabled":true,"_links":{"self":[{"href":"https:\/\/carbonneutral2035.hamburg\/index.php?rest_route=\/wp\/v2\/pages\/17","targetHints":{"allow":["GET"]}}],"collection":[{"href":"https:\/\/carbonneutral2035.hamburg\/index.php?rest_route=\/wp\/v2\/pages"}],"about":[{"href":"https:\/\/carbonneutral2035.hamburg\/index.php?rest_route=\/wp\/v2\/types\/page"}],"author":[{"embeddable":true,"href":"https:\/\/carbonneutral2035.hamburg\/index.php?rest_route=\/wp\/v2\/users\/1"}],"replies":[{"embeddable":true,"href":"https:\/\/carbonneutral2035.hamburg\/index.php?rest_route=%2Fwp%2Fv2%2Fcomments&post=17"}],"version-history":[{"count":7,"href":"https:\/\/carbonneutral2035.hamburg\/index.php?rest_route=\/wp\/v2\/pages\/17\/revisions"}],"predecessor-version":[{"id":76,"href":"https:\/\/carbonneutral2035.hamburg\/index.php?rest_route=\/wp\/v2\/pages\/17\/revisions\/76"}],"wp:attachment":[{"href":"https:\/\/carbonneutral2035.hamburg\/index.php?rest_route=%2Fwp%2Fv2%2Fmedia&parent=17"}],"curies":[{"name":"wp","href":"https:\/\/api.w.org\/{rel}","templated":true}]}}